{"id":836,"date":"2023-10-25T14:47:17","date_gmt":"2023-10-25T11:47:17","guid":{"rendered":"https:\/\/frozenfrenchfries.com\/%d8%a7%d9%84%d9%85%d9%86%d8%aa%d8%ac%d8%a7%d8%aa\/"},"modified":"2024-09-26T23:31:11","modified_gmt":"2024-09-26T20:31:11","slug":"urunler","status":"publish","type":"page","link":"https:\/\/frozenfrenchfries.com\/tr\/urunler\/","title":{"rendered":"\u00dcr\u00fcnler"},"content":{"rendered":"\t\t<div data-elementor-type=\"wp-page\" data-elementor-id=\"836\" class=\"elementor elementor-836 elementor-396\" data-elementor-post-type=\"page\">\n\t\t\t\t<div class=\"elementor-element elementor-element-212654a e-flex e-con-boxed e-con e-parent\" data-id=\"212654a\" data-element_type=\"container\" data-settings=\"{&quot;background_background&quot;:&quot;gradient&quot;}\">\n\t\t\t\t\t<div class=\"e-con-inner\">\n\t\t\t\t<div class=\"elementor-element elementor-element-77209e3 elementor-widget elementor-widget-heading\" data-id=\"77209e3\" data-element_type=\"widget\" data-widget_type=\"heading.default\">\n\t\t\t\t<div class=\"elementor-widget-container\">\n\t\t\t<h2 class=\"elementor-heading-title elementor-size-default\">\u00dcr\u00fcnler<\/h2>\t\t<\/div>\n\t\t\t\t<\/div>\n\t\t\t\t\t<\/div>\n\t\t\t\t<\/div>\n\t\t<div class=\"elementor-element elementor-element-18b4e1a e-flex e-con-boxed e-con e-parent\" data-id=\"18b4e1a\" data-element_type=\"container\">\n\t\t\t\t\t<div class=\"e-con-inner\">\n\t\t\t\t<div class=\"elementor-element elementor-element-8d14da6 elementor-widget elementor-widget-text-editor\" data-id=\"8d14da6\" data-element_type=\"widget\" data-widget_type=\"text-editor.default\">\n\t\t\t\t<div class=\"elementor-widget-container\">\n\t\t\t\t\t\t\t<p>\u00dcr\u00fcnlerimizin tamam\u0131 d\u00fcnyan\u0131n t\u00fcm \u00fclkelerine ihracata haz\u0131rd\u0131r. Rekabet\u00e7i fiyat teklifleri almak i\u00e7in bizimle ileti\u015fime ge\u00e7ebilirsiniz.<\/p>\t\t\t\t\t\t<\/div>\n\t\t\t\t<\/div>\n\t\t\t\t\t<\/div>\n\t\t\t\t<\/div>\n\t\t<div class=\"elementor-element elementor-element-189d789 e-flex e-con-boxed e-con e-parent\" data-id=\"189d789\" data-element_type=\"container\">\n\t\t\t\t\t<div class=\"e-con-inner\">\n\t\t\t\t<div class=\"elementor-element elementor-element-51b5b44 elementor-grid-3 elementor-grid-tablet-2 elementor-grid-mobile-1 elementor-widget elementor-widget-loop-grid\" data-id=\"51b5b44\" data-element_type=\"widget\" data-settings=\"{&quot;template_id&quot;:398,&quot;_skin&quot;:&quot;post&quot;,&quot;columns&quot;:&quot;3&quot;,&quot;columns_tablet&quot;:&quot;2&quot;,&quot;columns_mobile&quot;:&quot;1&quot;,&quot;edit_handle_selector&quot;:&quot;[data-elementor-type=\\&quot;loop-item\\&quot;]&quot;,&quot;row_gap&quot;:{&quot;unit&quot;:&quot;px&quot;,&quot;size&quot;:&quot;&quot;,&quot;sizes&quot;:[]},&quot;row_gap_tablet&quot;:{&quot;unit&quot;:&quot;px&quot;,&quot;size&quot;:&quot;&quot;,&quot;sizes&quot;:[]},&quot;row_gap_mobile&quot;:{&quot;unit&quot;:&quot;px&quot;,&quot;size&quot;:&quot;&quot;,&quot;sizes&quot;:[]}}\" data-widget_type=\"loop-grid.post\">\n\t\t\t\t<div class=\"elementor-widget-container\">\n\t\t\t\t\t<div class=\"elementor-loop-container elementor-grid\">\n\t\t<style id=\"loop-398\">.elementor-398 .elementor-element.elementor-element-8702bd2{--display:flex;--flex-direction:column;--container-widget-width:100%;--container-widget-height:initial;--container-widget-flex-grow:0;--container-widget-align-self:initial;--flex-wrap-mobile:wrap;--background-transition:0.3s;--border-radius:10px 0px 10px 0px;--padding-top:0px;--padding-bottom:20px;--padding-left:0px;--padding-right:0px;}.elementor-398 .elementor-element.elementor-element-8702bd2:not(.elementor-motion-effects-element-type-background), .elementor-398 .elementor-element.elementor-element-8702bd2 > .elementor-motion-effects-container > .elementor-motion-effects-layer{background-color:transparent;background-image:linear-gradient(90deg, var( --e-global-color-secondary ) 0%, var( --e-global-color-primary ) 100%);}.elementor-398 .elementor-element.elementor-element-8702bd2, .elementor-398 .elementor-element.elementor-element-8702bd2::before{--border-transition:0.3s;}.elementor-398 .elementor-element.elementor-element-cd0d0ac img{border-radius:10px 0px 0px 0px;}.elementor-398 .elementor-element.elementor-element-086694d{text-align:center;}.elementor-398 .elementor-element.elementor-element-086694d .elementor-heading-title{color:var( --e-global-color-369ff1a );font-family:\"Cairo\", Sans-serif;font-size:24px;font-weight:700;}<\/style>\t\t<div data-elementor-type=\"loop-item\" data-elementor-id=\"398\" class=\"elementor elementor-398 e-loop-item e-loop-item-1097 post-1097 frozen-fries type-frozen-fries status-publish has-post-thumbnail hentry\" data-elementor-post-type=\"elementor_library\" data-custom-edit-handle=\"1\">\n\t\t\t<div class=\"elementor-element elementor-element-8702bd2 e-flex e-con-boxed e-con e-parent\" data-id=\"8702bd2\" data-element_type=\"container\" data-settings=\"{&quot;background_background&quot;:&quot;gradient&quot;}\">\n\t\t\t\t\t<div class=\"e-con-inner\">\n\t\t\t\t<div class=\"elementor-element elementor-element-cd0d0ac elementor-widget elementor-widget-theme-post-featured-image elementor-widget-image\" data-id=\"cd0d0ac\" data-element_type=\"widget\" data-widget_type=\"theme-post-featured-image.default\">\n\t\t\t\t<div class=\"elementor-widget-container\">\n\t\t\t\t\t\t\t\t\t\t\t\t\t\t<a href=\"https:\/\/frozenfrenchfries.com\/tr\/frozen-fries\/tirtikli-yaprak-patates\/\">\n\t\t\t\t\t\t\t<img fetchpriority=\"high\" decoding=\"async\" width=\"1707\" height=\"2560\" src=\"https:\/\/frozenfrenchfries.com\/wp-content\/uploads\/2023\/12\/\u062d\u0632-\u0634\u0631\u064a\u062d\u0629-scaled.jpg\" class=\"elementor-animation-wobble-vertical attachment-full size-full wp-image-1099\" alt=\"\" srcset=\"https:\/\/frozenfrenchfries.com\/wp-content\/uploads\/2023\/12\/\u062d\u0632-\u0634\u0631\u064a\u062d\u0629-scaled.jpg 1707w, https:\/\/frozenfrenchfries.com\/wp-content\/uploads\/2023\/12\/\u062d\u0632-\u0634\u0631\u064a\u062d\u0629-200x300.jpg 200w, https:\/\/frozenfrenchfries.com\/wp-content\/uploads\/2023\/12\/\u062d\u0632-\u0634\u0631\u064a\u062d\u0629-683x1024.jpg 683w, https:\/\/frozenfrenchfries.com\/wp-content\/uploads\/2023\/12\/\u062d\u0632-\u0634\u0631\u064a\u062d\u0629-768x1152.jpg 768w, https:\/\/frozenfrenchfries.com\/wp-content\/uploads\/2023\/12\/\u062d\u0632-\u0634\u0631\u064a\u062d\u0629-1024x1536.jpg 1024w, https:\/\/frozenfrenchfries.com\/wp-content\/uploads\/2023\/12\/\u062d\u0632-\u0634\u0631\u064a\u062d\u0629-1365x2048.jpg 1365w\" sizes=\"(max-width: 1707px) 100vw, 1707px\" \/>\t\t\t\t\t\t\t\t<\/a>\n\t\t\t\t\t\t\t\t\t\t\t\t\t<\/div>\n\t\t\t\t<\/div>\n\t\t\t\t<div class=\"elementor-element elementor-element-086694d elementor-widget elementor-widget-theme-post-title elementor-page-title elementor-widget-heading\" data-id=\"086694d\" data-element_type=\"widget\" data-widget_type=\"theme-post-title.default\">\n\t\t\t\t<div class=\"elementor-widget-container\">\n\t\t\t<span class=\"elementor-heading-title elementor-size-default\"><a href=\"https:\/\/frozenfrenchfries.com\/tr\/frozen-fries\/tirtikli-yaprak-patates\/\">T\u0131rt\u0131kl\u0131 Yaprak Patates<\/a><\/span>\t\t<\/div>\n\t\t\t\t<\/div>\n\t\t\t\t\t<\/div>\n\t\t\t\t<\/div>\n\t\t\t\t<\/div>\n\t\t\t\t<div data-elementor-type=\"loop-item\" data-elementor-id=\"398\" class=\"elementor elementor-398 e-loop-item e-loop-item-1080 post-1080 frozen-fries type-frozen-fries status-publish has-post-thumbnail hentry\" data-elementor-post-type=\"elementor_library\" data-custom-edit-handle=\"1\">\n\t\t\t<div class=\"elementor-element elementor-element-8702bd2 e-flex e-con-boxed e-con e-parent\" data-id=\"8702bd2\" data-element_type=\"container\" data-settings=\"{&quot;background_background&quot;:&quot;gradient&quot;}\">\n\t\t\t\t\t<div class=\"e-con-inner\">\n\t\t\t\t<div class=\"elementor-element elementor-element-cd0d0ac elementor-widget elementor-widget-theme-post-featured-image elementor-widget-image\" data-id=\"cd0d0ac\" data-element_type=\"widget\" data-widget_type=\"theme-post-featured-image.default\">\n\t\t\t\t<div class=\"elementor-widget-container\">\n\t\t\t\t\t\t\t\t\t\t\t\t\t\t<a href=\"https:\/\/frozenfrenchfries.com\/tr\/frozen-fries\/tirtikli-parmak-patates\/\">\n\t\t\t\t\t\t\t<img decoding=\"async\" width=\"1703\" height=\"2560\" src=\"https:\/\/frozenfrenchfries.com\/wp-content\/uploads\/2023\/10\/french-fries-1-scaled.jpg\" class=\"elementor-animation-wobble-vertical attachment-full size-full wp-image-1082\" alt=\"\" srcset=\"https:\/\/frozenfrenchfries.com\/wp-content\/uploads\/2023\/10\/french-fries-1-scaled.jpg 1703w, https:\/\/frozenfrenchfries.com\/wp-content\/uploads\/2023\/10\/french-fries-1-200x300.jpg 200w, https:\/\/frozenfrenchfries.com\/wp-content\/uploads\/2023\/10\/french-fries-1-681x1024.jpg 681w, https:\/\/frozenfrenchfries.com\/wp-content\/uploads\/2023\/10\/french-fries-1-768x1154.jpg 768w, https:\/\/frozenfrenchfries.com\/wp-content\/uploads\/2023\/10\/french-fries-1-1022x1536.jpg 1022w, https:\/\/frozenfrenchfries.com\/wp-content\/uploads\/2023\/10\/french-fries-1-1363x2048.jpg 1363w\" sizes=\"(max-width: 1703px) 100vw, 1703px\" \/>\t\t\t\t\t\t\t\t<\/a>\n\t\t\t\t\t\t\t\t\t\t\t\t\t<\/div>\n\t\t\t\t<\/div>\n\t\t\t\t<div class=\"elementor-element elementor-element-086694d elementor-widget elementor-widget-theme-post-title elementor-page-title elementor-widget-heading\" data-id=\"086694d\" data-element_type=\"widget\" data-widget_type=\"theme-post-title.default\">\n\t\t\t\t<div class=\"elementor-widget-container\">\n\t\t\t<span class=\"elementor-heading-title elementor-size-default\"><a href=\"https:\/\/frozenfrenchfries.com\/tr\/frozen-fries\/tirtikli-parmak-patates\/\">T\u0131rt\u0131kl\u0131 Parmak Patates<\/a><\/span>\t\t<\/div>\n\t\t\t\t<\/div>\n\t\t\t\t\t<\/div>\n\t\t\t\t<\/div>\n\t\t\t\t<\/div>\n\t\t\t\t<div data-elementor-type=\"loop-item\" data-elementor-id=\"398\" class=\"elementor elementor-398 e-loop-item e-loop-item-1092 post-1092 frozen-fries type-frozen-fries status-publish has-post-thumbnail hentry\" data-elementor-post-type=\"elementor_library\" data-custom-edit-handle=\"1\">\n\t\t\t<div class=\"elementor-element elementor-element-8702bd2 e-flex e-con-boxed e-con e-parent\" data-id=\"8702bd2\" data-element_type=\"container\" data-settings=\"{&quot;background_background&quot;:&quot;gradient&quot;}\">\n\t\t\t\t\t<div class=\"e-con-inner\">\n\t\t\t\t<div class=\"elementor-element elementor-element-cd0d0ac elementor-widget elementor-widget-theme-post-featured-image elementor-widget-image\" data-id=\"cd0d0ac\" data-element_type=\"widget\" data-widget_type=\"theme-post-featured-image.default\">\n\t\t\t\t<div class=\"elementor-widget-container\">\n\t\t\t\t\t\t\t\t\t\t\t\t\t\t<a href=\"https:\/\/frozenfrenchfries.com\/tr\/frozen-fries\/elma-dilimi-dondurulmus-patates\/\">\n\t\t\t\t\t\t\t<img decoding=\"async\" width=\"1708\" height=\"2560\" src=\"https:\/\/frozenfrenchfries.com\/wp-content\/uploads\/2023\/10\/\u062d\u0632-\u062a\u0641\u0627\u062d\u0629-scaled.jpg\" class=\"elementor-animation-wobble-vertical attachment-full size-full wp-image-1093\" alt=\"\" srcset=\"https:\/\/frozenfrenchfries.com\/wp-content\/uploads\/2023\/10\/\u062d\u0632-\u062a\u0641\u0627\u062d\u0629-scaled.jpg 1708w, https:\/\/frozenfrenchfries.com\/wp-content\/uploads\/2023\/10\/\u062d\u0632-\u062a\u0641\u0627\u062d\u0629-200x300.jpg 200w, https:\/\/frozenfrenchfries.com\/wp-content\/uploads\/2023\/10\/\u062d\u0632-\u062a\u0641\u0627\u062d\u0629-683x1024.jpg 683w, https:\/\/frozenfrenchfries.com\/wp-content\/uploads\/2023\/10\/\u062d\u0632-\u062a\u0641\u0627\u062d\u0629-768x1151.jpg 768w, https:\/\/frozenfrenchfries.com\/wp-content\/uploads\/2023\/10\/\u062d\u0632-\u062a\u0641\u0627\u062d\u0629-1025x1536.jpg 1025w, https:\/\/frozenfrenchfries.com\/wp-content\/uploads\/2023\/10\/\u062d\u0632-\u062a\u0641\u0627\u062d\u0629-1367x2048.jpg 1367w\" sizes=\"(max-width: 1708px) 100vw, 1708px\" \/>\t\t\t\t\t\t\t\t<\/a>\n\t\t\t\t\t\t\t\t\t\t\t\t\t<\/div>\n\t\t\t\t<\/div>\n\t\t\t\t<div class=\"elementor-element elementor-element-086694d elementor-widget elementor-widget-theme-post-title elementor-page-title elementor-widget-heading\" data-id=\"086694d\" data-element_type=\"widget\" data-widget_type=\"theme-post-title.default\">\n\t\t\t\t<div class=\"elementor-widget-container\">\n\t\t\t<span class=\"elementor-heading-title elementor-size-default\"><a href=\"https:\/\/frozenfrenchfries.com\/tr\/frozen-fries\/elma-dilimi-dondurulmus-patates\/\">Elma Dilimi dondurulmu\u015f Patates<\/a><\/span>\t\t<\/div>\n\t\t\t\t<\/div>\n\t\t\t\t\t<\/div>\n\t\t\t\t<\/div>\n\t\t\t\t<\/div>\n\t\t\t\t<div data-elementor-type=\"loop-item\" data-elementor-id=\"398\" class=\"elementor elementor-398 e-loop-item e-loop-item-1086 post-1086 frozen-fries type-frozen-fries status-publish has-post-thumbnail hentry\" data-elementor-post-type=\"elementor_library\" data-custom-edit-handle=\"1\">\n\t\t\t<div class=\"elementor-element elementor-element-8702bd2 e-flex e-con-boxed e-con e-parent\" data-id=\"8702bd2\" data-element_type=\"container\" data-settings=\"{&quot;background_background&quot;:&quot;gradient&quot;}\">\n\t\t\t\t\t<div class=\"e-con-inner\">\n\t\t\t\t<div class=\"elementor-element elementor-element-cd0d0ac elementor-widget elementor-widget-theme-post-featured-image elementor-widget-image\" data-id=\"cd0d0ac\" data-element_type=\"widget\" data-widget_type=\"theme-post-featured-image.default\">\n\t\t\t\t<div class=\"elementor-widget-container\">\n\t\t\t\t\t\t\t\t\t\t\t\t\t\t<a href=\"https:\/\/frozenfrenchfries.com\/tr\/frozen-fries\/duz-parmak-patates\/\">\n\t\t\t\t\t\t\t<img loading=\"lazy\" decoding=\"async\" width=\"1703\" height=\"2560\" src=\"https:\/\/frozenfrenchfries.com\/wp-content\/uploads\/2023\/10\/French-fries-2-1-scaled.jpg\" class=\"elementor-animation-wobble-vertical attachment-full size-full wp-image-1088\" alt=\"\" srcset=\"https:\/\/frozenfrenchfries.com\/wp-content\/uploads\/2023\/10\/French-fries-2-1-scaled.jpg 1703w, https:\/\/frozenfrenchfries.com\/wp-content\/uploads\/2023\/10\/French-fries-2-1-200x300.jpg 200w, https:\/\/frozenfrenchfries.com\/wp-content\/uploads\/2023\/10\/French-fries-2-1-681x1024.jpg 681w, https:\/\/frozenfrenchfries.com\/wp-content\/uploads\/2023\/10\/French-fries-2-1-768x1154.jpg 768w, https:\/\/frozenfrenchfries.com\/wp-content\/uploads\/2023\/10\/French-fries-2-1-1022x1536.jpg 1022w, https:\/\/frozenfrenchfries.com\/wp-content\/uploads\/2023\/10\/French-fries-2-1-1363x2048.jpg 1363w\" sizes=\"(max-width: 1703px) 100vw, 1703px\" \/>\t\t\t\t\t\t\t\t<\/a>\n\t\t\t\t\t\t\t\t\t\t\t\t\t<\/div>\n\t\t\t\t<\/div>\n\t\t\t\t<div class=\"elementor-element elementor-element-086694d elementor-widget elementor-widget-theme-post-title elementor-page-title elementor-widget-heading\" data-id=\"086694d\" data-element_type=\"widget\" data-widget_type=\"theme-post-title.default\">\n\t\t\t\t<div class=\"elementor-widget-container\">\n\t\t\t<span class=\"elementor-heading-title elementor-size-default\"><a href=\"https:\/\/frozenfrenchfries.com\/tr\/frozen-fries\/duz-parmak-patates\/\">Duz Parmak Patates<\/a><\/span>\t\t<\/div>\n\t\t\t\t<\/div>\n\t\t\t\t\t<\/div>\n\t\t\t\t<\/div>\n\t\t\t\t<\/div>\n\t\t\t\t<\/div>\n\t\t\n\t\t\t\t<\/div>\n\t\t\t\t<\/div>\n\t\t\t\t\t<\/div>\n\t\t\t\t<\/div>\n\t\t\t\t<\/div>\n\t\t","protected":false},"excerpt":{"rendered":"<p>\u00dcr\u00fcnler \u00dcr\u00fcnlerimizin tamam\u0131 d\u00fcnyan\u0131n t\u00fcm \u00fclkelerine ihracata haz\u0131rd\u0131r. Rekabet\u00e7i fiyat teklifleri almak i\u00e7in bizimle ileti\u015fime ge\u00e7ebilirsiniz.<\/p>\n","protected":false},"author":1,"featured_media":0,"parent":0,"menu_order":0,"comment_status":"closed","ping_status":"closed","template":"elementor_header_footer","meta":{"_acf_changed":false,"rank_math_lock_modified_date":false,"footnotes":""},"class_list":["post-836","page","type-page","status-publish","hentry"],"acf":[],"_links":{"self":[{"href":"https:\/\/frozenfrenchfries.com\/tr\/wp-json\/wp\/v2\/pages\/836","targetHints":{"allow":["GET"]}}],"collection":[{"href":"https:\/\/frozenfrenchfries.com\/tr\/wp-json\/wp\/v2\/pages"}],"about":[{"href":"https:\/\/frozenfrenchfries.com\/tr\/wp-json\/wp\/v2\/types\/page"}],"author":[{"embeddable":true,"href":"https:\/\/frozenfrenchfries.com\/tr\/wp-json\/wp\/v2\/users\/1"}],"replies":[{"embeddable":true,"href":"https:\/\/frozenfrenchfries.com\/tr\/wp-json\/wp\/v2\/comments?post=836"}],"version-history":[{"count":7,"href":"https:\/\/frozenfrenchfries.com\/tr\/wp-json\/wp\/v2\/pages\/836\/revisions"}],"predecessor-version":[{"id":1157,"href":"https:\/\/frozenfrenchfries.com\/tr\/wp-json\/wp\/v2\/pages\/836\/revisions\/1157"}],"wp:attachment":[{"href":"https:\/\/frozenfrenchfries.com\/tr\/wp-json\/wp\/v2\/media?parent=836"}],"curies":[{"name":"wp","href":"https:\/\/api.w.org\/{rel}","templated":true}]}}